{"id":157,"date":"2019-08-29T18:33:01","date_gmt":"2019-08-29T18:33:01","guid":{"rendered":"https:\/\/spa-wellnesscube.de\/?page_id=157"},"modified":"2019-09-08T17:39:49","modified_gmt":"2019-09-08T17:39:49","slug":"realisierung","status":"publish","type":"page","link":"https:\/\/spa-wellnesscube.de\/?page_id=157","title":{"rendered":"Realisierung"},"content":{"rendered":"\t\t<div data-elementor-type=\"wp-page\" data-elementor-id=\"157\" class=\"elementor elementor-157\">\n\t\t\t\t\t\t<section class=\"elementor-section elementor-top-section elementor-element elementor-element-d7d5f08 elementor-section-full_width elementor-section-height-default elementor-section-height-default\" data-id=\"d7d5f08\" data-element_type=\"section\" data-e-type=\"section\" data-settings=\"{&quot;background_background&quot;:&quot;classic&quot;}\">\n\t\t\t\t\t\t<div class=\"elementor-container elementor-column-gap-default\">\n\t\t\t\t\t<div class=\"elementor-column elementor-col-100 elementor-top-column elementor-element elementor-element-e7e525b\" data-id=\"e7e525b\" data-element_type=\"column\" data-e-type=\"column\">\n\t\t\t<div class=\"elementor-widget-wrap elementor-element-populated\">\n\t\t\t\t\t\t<div class=\"elementor-element elementor-element-8442356 elementor-arrows-position-inside elementor-widget elementor-widget-image-carousel\" data-id=\"8442356\" data-element_type=\"widget\" data-e-type=\"widget\" data-settings=\"{&quot;slides_to_show&quot;:&quot;1&quot;,&quot;navigation&quot;:&quot;arrows&quot;,&quot;autoplay&quot;:&quot;yes&quot;,&quot;pause_on_hover&quot;:&quot;yes&quot;,&quot;pause_on_interaction&quot;:&quot;yes&quot;,&quot;autoplay_speed&quot;:5000,&quot;infinite&quot;:&quot;yes&quot;,&quot;effect&quot;:&quot;slide&quot;,&quot;speed&quot;:500}\" data-widget_type=\"image-carousel.default\">\n\t\t\t\t<div class=\"elementor-widget-container\">\n\t\t\t\t\t\t\t<div class=\"elementor-image-carousel-wrapper swiper\" role=\"region\" aria-roledescription=\"carousel\" aria-label=\"Bild Karussell\" dir=\"ltr\">\n\t\t\t<div class=\"elementor-image-carousel swiper-wrapper\" aria-live=\"off\">\n\t\t\t\t\t\t\t\t<div class=\"swiper-slide\" role=\"group\" aria-roledescription=\"slide\" aria-label=\"1 von 1\"><figure class=\"swiper-slide-inner\"><img decoding=\"async\" class=\"swiper-slide-image\" src=\"https:\/\/spa-wellnesscube.de\/wp-content\/uploads\/2019\/05\/Spa-Wellnesscube.jpg\" alt=\"Spa-Wellnesscube\" \/><\/figure><\/div>\t\t\t<\/div>\n\t\t\t\t\t<\/div>\n\t\t\t\t\t\t<\/div>\n\t\t\t\t<\/div>\n\t\t\t\t\t<\/div>\n\t\t<\/div>\n\t\t\t\t\t<\/div>\n\t\t<\/section>\n\t\t\t\t<section class=\"elementor-section elementor-top-section elementor-element elementor-element-0bb935c elementor-section-boxed elementor-section-height-default elementor-section-height-default\" data-id=\"0bb935c\" data-element_type=\"section\" data-e-type=\"section\" data-settings=\"{&quot;background_background&quot;:&quot;classic&quot;}\">\n\t\t\t\t\t\t<div class=\"elementor-container elementor-column-gap-default\">\n\t\t\t\t\t<div class=\"elementor-column elementor-col-66 elementor-top-column elementor-element elementor-element-8766912\" data-id=\"8766912\" data-element_type=\"column\" data-e-type=\"column\">\n\t\t\t<div class=\"elementor-widget-wrap elementor-element-populated\">\n\t\t\t\t\t\t<div class=\"elementor-element elementor-element-fa5ec19 elementor-widget elementor-widget-heading\" data-id=\"fa5ec19\" data-element_type=\"widget\" data-e-type=\"widget\" data-widget_type=\"heading.default\">\n\t\t\t\t<div class=\"elementor-widget-container\">\n\t\t\t\t\t<h1 class=\"elementor-heading-title elementor-size-default\">1. Erstberatung und Bedarfsanalyse<\/h1>\t\t\t\t<\/div>\n\t\t\t\t<\/div>\n\t\t\t\t\t<\/div>\n\t\t<\/div>\n\t\t\t\t<div class=\"elementor-column elementor-col-33 elementor-top-column elementor-element elementor-element-21add64\" data-id=\"21add64\" data-element_type=\"column\" data-e-type=\"column\">\n\t\t\t<div class=\"elementor-widget-wrap\">\n\t\t\t\t\t\t\t<\/div>\n\t\t<\/div>\n\t\t\t\t\t<\/div>\n\t\t<\/section>\n\t\t\t\t<section class=\"elementor-section elementor-top-section elementor-element elementor-element-4a40702 elementor-section-boxed elementor-section-height-default elementor-section-height-default\" data-id=\"4a40702\" data-element_type=\"section\" data-e-type=\"section\" data-settings=\"{&quot;background_background&quot;:&quot;classic&quot;}\">\n\t\t\t\t\t\t<div class=\"elementor-container elementor-column-gap-default\">\n\t\t\t\t\t<div class=\"elementor-column elementor-col-50 elementor-top-column elementor-element elementor-element-9af6293\" data-id=\"9af6293\" data-element_type=\"column\" data-e-type=\"column\">\n\t\t\t<div class=\"elementor-widget-wrap elementor-element-populated\">\n\t\t\t\t\t\t<div class=\"elementor-element elementor-element-38e121d elementor-widget elementor-widget-text-editor\" data-id=\"38e121d\" data-element_type=\"widget\" data-e-type=\"widget\" data-widget_type=\"text-editor.default\">\n\t\t\t\t<div class=\"elementor-widget-container\">\n\t\t\t\t\t\t\t\t\t<p><span style=\"font-size: 16px; font-family: Verdana, sans-serif;\"><span style=\"font: 7.0pt 'Times New Roman';\">\u00a0<\/span><\/span><span style=\"font-size: 16px; font-family: Verdana, sans-serif;\">Hierzu laden wir Sie herzlich zu uns in unser Wellness-Loft in Alling ein. Sie bringen Ihre W\u00fcnsche und Visionen mit, wir unsere Zeit und unser Know How. Gemeinsam konzipieren wir Ihren ganz pers\u00f6nlichen Traum vom SPA-WellnessCube.<\/span><\/p><p><span style=\"font-family: 'Verdana',sans-serif; mso-bidi-font-family: Tahoma;\">Vor Ort k\u00f6nnen Sie sich inspirieren lassen, indem Sie den SPA-WellnessCube besichtigen oder auch gerne mit allen Sinnen selbst erleben. Der Bad &amp; SPA- Designer Reinhard Sedlmayr wird Ihnen hierbei mit all seinem Know How und seinen Visionen zur Seite stehen.<\/span><\/p>\t\t\t\t\t\t\t\t<\/div>\n\t\t\t\t<\/div>\n\t\t\t\t\t<\/div>\n\t\t<\/div>\n\t\t\t\t<div class=\"elementor-column elementor-col-50 elementor-top-column elementor-element elementor-element-1c45537\" data-id=\"1c45537\" data-element_type=\"column\" data-e-type=\"column\">\n\t\t\t<div class=\"elementor-widget-wrap elementor-element-populated\">\n\t\t\t\t\t\t<div class=\"elementor-element elementor-element-58756ef elementor-widget elementor-widget-text-editor\" data-id=\"58756ef\" data-element_type=\"widget\" data-e-type=\"widget\" data-widget_type=\"text-editor.default\">\n\t\t\t\t<div class=\"elementor-widget-container\">\n\t\t\t\t\t\t\t\t\t<p><span style=\"font-family: Verdana, sans-serif; font-size: 16px;\">In unserem Showroom pr\u00e4sentieren wir Ihnen m\u00f6gliche Materialien und Design Varianten, ob Naturstein oder gro\u00dfformatige Feinstein Fliesen, eine Auswahl an hochwertigem Holz und exklusive Design-Beleuchtung.<\/span><\/p><p><span style=\"font-family: 'Verdana',sans-serif; mso-bidi-font-family: Tahoma;\">Sie erleben bei uns vor Ort eine Vielzahl an Komponenten f\u00fcr Ihr Bad Design. Das DORNBRACHT SPA Kompetenz Center bietet Ihnen die einzigartige M\u00f6glichkeit, die Komponenten f\u00fcr Ihr Interieur im SPA-WellnessCube w\u00e4hrend der Planungsphase nicht nur zu sehen, sondern hautnah zu erleben.<br \/>Technische Anforderungen werden wir ebenso in die Planung und den Entwurf einbeziehen.<\/span><\/p>\t\t\t\t\t\t\t\t<\/div>\n\t\t\t\t<\/div>\n\t\t\t\t\t<\/div>\n\t\t<\/div>\n\t\t\t\t\t<\/div>\n\t\t<\/section>\n\t\t\t\t<section class=\"elementor-section elementor-top-section elementor-element elementor-element-5ad2e06 elementor-section-boxed elementor-section-height-default elementor-section-height-default\" data-id=\"5ad2e06\" data-element_type=\"section\" data-e-type=\"section\" data-settings=\"{&quot;background_background&quot;:&quot;classic&quot;}\">\n\t\t\t\t\t\t<div class=\"elementor-container elementor-column-gap-default\">\n\t\t\t\t\t<div class=\"elementor-column elementor-col-50 elementor-top-column elementor-element elementor-element-186afdb\" data-id=\"186afdb\" data-element_type=\"column\" data-e-type=\"column\">\n\t\t\t<div class=\"elementor-widget-wrap elementor-element-populated\">\n\t\t\t\t\t\t<div class=\"elementor-element elementor-element-408d3e0 elementor-widget elementor-widget-text-editor\" data-id=\"408d3e0\" data-element_type=\"widget\" data-e-type=\"widget\" data-widget_type=\"text-editor.default\">\n\t\t\t\t<div class=\"elementor-widget-container\">\n\t\t\t\t\t\t\t\t\t<h1>2.\u00a0 ANGEBOT<\/h1><p>Wenn wir basierend auf Ihren W\u00fcnschen und individuellen Anforderungen Ihren SPA-WellnessCube kreiert haben, erstellen wir Ihnen eine entsprechende 3D-Visualisierung mit Ihrem pers\u00f6nlichen Angebot.<\/p>\t\t\t\t\t\t\t\t<\/div>\n\t\t\t\t<\/div>\n\t\t\t\t\t<\/div>\n\t\t<\/div>\n\t\t\t\t<div class=\"elementor-column elementor-col-50 elementor-top-column elementor-element elementor-element-0a42d2a\" data-id=\"0a42d2a\" data-element_type=\"column\" data-e-type=\"column\">\n\t\t\t<div class=\"elementor-widget-wrap elementor-element-populated\">\n\t\t\t\t\t\t<div class=\"elementor-element elementor-element-f70f9d7 elementor-widget elementor-widget-image\" data-id=\"f70f9d7\" data-element_type=\"widget\" data-e-type=\"widget\" data-widget_type=\"image.default\">\n\t\t\t\t<div class=\"elementor-widget-container\">\n\t\t\t\t\t\t\t\t\t\t\t\t\t\t\t<img fetchpriority=\"high\" decoding=\"async\" width=\"800\" height=\"533\" src=\"https:\/\/spa-wellnesscube.de\/wp-content\/uploads\/2019\/06\/Wellnesscube_blau_natur.jpg\" class=\"attachment-large size-large wp-image-107\" alt=\"\" srcset=\"https:\/\/spa-wellnesscube.de\/wp-content\/uploads\/2019\/06\/Wellnesscube_blau_natur.jpg 800w, https:\/\/spa-wellnesscube.de\/wp-content\/uploads\/2019\/06\/Wellnesscube_blau_natur-300x200.jpg 300w, https:\/\/spa-wellnesscube.de\/wp-content\/uploads\/2019\/06\/Wellnesscube_blau_natur-768x512.jpg 768w\" sizes=\"(max-width: 800px) 100vw, 800px\" \/>\t\t\t\t\t\t\t\t\t\t\t\t\t\t\t<\/div>\n\t\t\t\t<\/div>\n\t\t\t\t\t<\/div>\n\t\t<\/div>\n\t\t\t\t\t<\/div>\n\t\t<\/section>\n\t\t\t\t<section class=\"elementor-section elementor-top-section elementor-element elementor-element-56288d5 elementor-section-boxed elementor-section-height-default elementor-section-height-default\" data-id=\"56288d5\" data-element_type=\"section\" data-e-type=\"section\" data-settings=\"{&quot;background_background&quot;:&quot;classic&quot;}\">\n\t\t\t\t\t\t<div class=\"elementor-container elementor-column-gap-default\">\n\t\t\t\t\t<div class=\"elementor-column elementor-col-50 elementor-top-column elementor-element elementor-element-c2f58ce\" data-id=\"c2f58ce\" data-element_type=\"column\" data-e-type=\"column\">\n\t\t\t<div class=\"elementor-widget-wrap elementor-element-populated\">\n\t\t\t\t\t\t<div class=\"elementor-element elementor-element-6dcd7a8 elementor-widget elementor-widget-text-editor\" data-id=\"6dcd7a8\" data-element_type=\"widget\" data-e-type=\"widget\" data-widget_type=\"text-editor.default\">\n\t\t\t\t<div class=\"elementor-widget-container\">\n\t\t\t\t\t\t\t\t\t<h1 style=\"text-align: left;\">3. AUFBAU<\/h1><p><b>Herstellung in Deutscher Manufaktur:<\/b><br \/>Jeder Cube wird ausnahmslos in Deutschland gefertigt.<br \/>Die verwendeten, hochwertigen Materialien stammen ebenfalls<br \/>\u00fcberwiegend aus deutscher Produktion.<\/p><p>Der WellnessCube wird in 3 Teilen vorgefertigt und an dem Ort<br \/>Ihrer Wahl aufgestellt. Die Lieferung erfolgt in erster Linie mit<br \/>dem Schwertransport oder bei schwerzug\u00e4nglichen Orten mit<br \/>dem Hubschrauber.<\/p><p><span style=\"font-family: Verdana, sans-serif; font-size: 16px;\">Minimale Montagezeit vor Ort.<\/span><\/p>\t\t\t\t\t\t\t\t<\/div>\n\t\t\t\t<\/div>\n\t\t\t\t\t<\/div>\n\t\t<\/div>\n\t\t\t\t<div class=\"elementor-column elementor-col-50 elementor-top-column elementor-element elementor-element-77437db\" data-id=\"77437db\" data-element_type=\"column\" data-e-type=\"column\">\n\t\t\t<div class=\"elementor-widget-wrap elementor-element-populated\">\n\t\t\t\t\t\t<div class=\"elementor-element elementor-element-7d96386 elementor-widget elementor-widget-text-editor\" data-id=\"7d96386\" data-element_type=\"widget\" data-e-type=\"widget\" data-widget_type=\"text-editor.default\">\n\t\t\t\t<div class=\"elementor-widget-container\">\n\t\t\t\t\t\t\t\t\t<p><span style=\"font-size: 16px;\"><b>Anschl\u00fcsse:<br \/><\/b><\/span><span style=\"font-size: 16px;\">Wir ben\u00f6tigen lediglich einen Stromanschluss, sowie die\u00a0<\/span><span style=\"font-size: 16px;\">entsprechenden Wasserzuleitungen.\u00a0Die genauen Anforderungen richten sich nach der im Cube\u00a0verbauten Technik. Sollten Sie sich f\u00fcr ein WellnessWC\u00a0entscheiden, m\u00fcssen Sie entsprechend beachten, dass hier\u00a0zus\u00e4tzliche Leitungen ben\u00f6tigt werden. Wir beraten Sie gerne.<\/span><\/p><p><b>Info:<\/b><br \/>Wir ben\u00f6tigen in den meisten Bundesl\u00e4ndern KEINE<br \/>BAUGENEHMIGUNG. Lediglich eine Aufstellerlaubnis, analog<br \/>einer Gartenlaube, wenn der WellnessCube die Ma\u00dfe 5 x 5 Meter<br \/>und 3 Meter H\u00f6he nicht \u00fcberschreitet und sich somit unter 75<br \/>Kubikmeter umbauten Volumen bewegt.<\/p>\t\t\t\t\t\t\t\t<\/div>\n\t\t\t\t<\/div>\n\t\t\t\t\t<\/div>\n\t\t<\/div>\n\t\t\t\t\t<\/div>\n\t\t<\/section>\n\t\t\t\t<section class=\"elementor-section elementor-top-section elementor-element elementor-element-623e7f8 elementor-section-boxed elementor-section-height-default elementor-section-height-default\" data-id=\"623e7f8\" data-element_type=\"section\" data-e-type=\"section\" data-settings=\"{&quot;background_background&quot;:&quot;gradient&quot;}\">\n\t\t\t\t\t\t<div class=\"elementor-container elementor-column-gap-default\">\n\t\t\t\t\t<div class=\"elementor-column elementor-col-50 elementor-top-column elementor-element elementor-element-3aa2aad\" data-id=\"3aa2aad\" data-element_type=\"column\" data-e-type=\"column\">\n\t\t\t<div class=\"elementor-widget-wrap elementor-element-populated\">\n\t\t\t\t\t\t<div class=\"elementor-element elementor-element-307716d elementor-widget elementor-widget-text-editor\" data-id=\"307716d\" data-element_type=\"widget\" data-e-type=\"widget\" data-widget_type=\"text-editor.default\">\n\t\t\t\t<div class=\"elementor-widget-container\">\n\t\t\t\t\t\t\t\t\t<h1><span style=\"color: #000000;\">Kontakt<\/span><\/h1><p>Reinhard Sedlmayr\u00a0\u00a0<\/p><p>Bad &amp; Wellness GmbH<br \/>Gesch\u00e4ftsleitung<br \/>Flurstra\u00dfe 4a<br \/>82239 Alling<\/p>\t\t\t\t\t\t\t\t<\/div>\n\t\t\t\t<\/div>\n\t\t\t\t<div class=\"elementor-element elementor-element-3ec20ae elementor-widget elementor-widget-text-editor\" data-id=\"3ec20ae\" data-element_type=\"widget\" data-e-type=\"widget\" data-widget_type=\"text-editor.default\">\n\t\t\t\t<div class=\"elementor-widget-container\">\n\t\t\t\t\t\t\t\t\t<p><b>Office:<\/b> +49-0-8141-666551<br \/><b>Mobil: <\/b>+49-0-171-6878377<\/p><p><span style=\"font-size: 16px;\"><b>E-Mail:<\/b> rs@bad-wellness-sedlmayr.de<\/span><\/p><p><span style=\"font-family: Roboto, sans-serif; font-size: 16px; font-style: normal; font-variant-ligatures: normal; font-variant-caps: normal;\">K<\/span><span style=\"font-family: Roboto, sans-serif; font-size: 16px; font-style: normal; font-variant-ligatures: normal; font-variant-caps: normal;\">aufpreis auf Anfrage<\/span><\/p>\t\t\t\t\t\t\t\t<\/div>\n\t\t\t\t<\/div>\n\t\t\t\t\t<\/div>\n\t\t<\/div>\n\t\t\t\t<div class=\"elementor-column elementor-col-50 elementor-top-column elementor-element elementor-element-a7b36f5\" data-id=\"a7b36f5\" data-element_type=\"column\" data-e-type=\"column\">\n\t\t\t<div class=\"elementor-widget-wrap elementor-element-populated\">\n\t\t\t\t\t\t\t<\/div>\n\t\t<\/div>\n\t\t\t\t\t<\/div>\n\t\t<\/section>\n\t\t\t\t<\/div>\n\t\t","protected":false},"excerpt":{"rendered":"<p>1. Erstberatung und Bedarfsanalyse \u00a0Hierzu laden wir Sie herzlich zu uns in unser Wellness-Loft in Alling ein. Sie bringen Ihre W\u00fcnsche und [&hellip;]<\/p>\n","protected":false},"author":1,"featured_media":0,"parent":0,"menu_order":0,"comment_status":"closed","ping_status":"closed","template":"elementor_header_footer","meta":{"footnotes":""},"class_list":["post-157","page","type-page","status-publish","hentry"],"_links":{"self":[{"href":"https:\/\/spa-wellnesscube.de\/index.php?rest_route=\/wp\/v2\/pages\/157","targetHints":{"allow":["GET"]}}],"collection":[{"href":"https:\/\/spa-wellnesscube.de\/index.php?rest_route=\/wp\/v2\/pages"}],"about":[{"href":"https:\/\/spa-wellnesscube.de\/index.php?rest_route=\/wp\/v2\/types\/page"}],"author":[{"embeddable":true,"href":"https:\/\/spa-wellnesscube.de\/index.php?rest_route=\/wp\/v2\/users\/1"}],"replies":[{"embeddable":true,"href":"https:\/\/spa-wellnesscube.de\/index.php?rest_route=%2Fwp%2Fv2%2Fcomments&post=157"}],"version-history":[{"count":6,"href":"https:\/\/spa-wellnesscube.de\/index.php?rest_route=\/wp\/v2\/pages\/157\/revisions"}],"predecessor-version":[{"id":206,"href":"https:\/\/spa-wellnesscube.de\/index.php?rest_route=\/wp\/v2\/pages\/157\/revisions\/206"}],"wp:attachment":[{"href":"https:\/\/spa-wellnesscube.de\/index.php?rest_route=%2Fwp%2Fv2%2Fmedia&parent=157"}],"curies":[{"name":"wp","href":"https:\/\/api.w.org\/{rel}","templated":true}]}}